{"id":382,"date":"2021-07-08T06:37:04","date_gmt":"2021-07-08T06:37:04","guid":{"rendered":"https:\/\/nonnwella.de\/phtf\/?page_id=382"},"modified":"2026-01-01T11:04:18","modified_gmt":"2026-01-01T11:04:18","slug":"herzlich-willkommen","status":"publish","type":"page","link":"https:\/\/nonnwella.de\/phtf\/","title":{"rendered":"Herzlich Willkommen"},"content":{"rendered":"<p>&nbsp;<\/p>\n<h1 style=\"text-align: center;\"><span style=\"font-size: 48px;\"><strong><span style=\"font-family: tahoma, arial, helvetica, sans-serif;\">Nonnweiler<\/span><\/strong><\/span><\/h1>\n<h5 style=\"text-align: center;\"><span style=\"font-size: 14pt; font-family: tahoma, arial, helvetica, sans-serif;\">E<\/span><span style=\"font-size: 14pt; font-family: tahoma, arial, helvetica, sans-serif;\">in Hunsr\u00fcck-\/Hochwalddorf im Wandel der Zeit.<\/span><\/h5>\n<p style=\"text-align: center;\"><span style=\"font-family: tahoma, arial, helvetica, sans-serif;\"><span style=\"font-size: 20px;\">Postkarten, Erz\u00e4hlungen, alte Fotos und mehr!<\/span>\u00a0<\/span><\/p>\n<p style=\"text-align: center;\"><span style=\"font-family: tahoma, arial, helvetica, sans-serif; font-size: 14pt;\">Gesammelt, erstellt und<br \/>\nkommentiert von: Andreas Lauer<\/span><\/p>\n<p><img decoding=\"async\" class=\"aligncenter wp-image-4127 size-full\" src=\"https:\/\/nonnwella.de\/phtf\/wp-content\/uploads\/2026\/01\/153-2025-50-0-00000000000051020715-0-1765269690.jpeg\" alt=\"\" width=\"768\" height=\"1024\" srcset=\"https:\/\/nonnwella.de\/phtf\/wp-content\/uploads\/2026\/01\/153-2025-50-0-00000000000051020715-0-1765269690.jpeg 768w, https:\/\/nonnwella.de\/phtf\/wp-content\/uploads\/2026\/01\/153-2025-50-0-00000000000051020715-0-1765269690-225x300.jpeg 225w\" sizes=\"(max-width: 768px) 100vw, 768px\" \/><\/p>\n<p><span style=\"font-family: tahoma, arial, helvetica, sans-serif; font-size: 16px;\"><b>Nur wer die Vergangenheit kennt, der kann Gegenwart und Zukunft verstehen! <\/b><\/span><\/p>\n<p><span style=\"font-family: tahoma, arial, helvetica, sans-serif; font-size: 12pt;\">Das ist das Motto unter welchem ich meine Sammlung an alten Fotos, Ansichtskarten, Lithographien, Prospekten, Festschriften aber auch Anekdoten und Erz\u00e4hlungen \u00fcber unseren Heimatort Nonnweiler stellen m\u00f6chte. Sehr sch\u00f6n hat es auch der \u00f6sterreichische Schriftsteller Stefan Zweig (1881 bis 1942) formuliert, indem er schrieb: &#8222;Wer seine Wurzeln nicht kennt, kennt keinen halt&#8220;. Denn jedes Dorf lebt vom Kennen und Erleben der eigenen Geschichte, so auch unser Heimatort Nonnweiler.<\/span><\/p>\n<p><span style=\"font-family: tahoma, arial, helvetica, sans-serif; font-size: 12pt;\">Vieles wie wir es heute kennen ist aus der Tradition \u00fcber Jahrhunderte gewachsen oder hat sich im Laufe der Jahre entwickelt. In den vergangen Jahrhunderten, unter dem Dach der Gro\u00dffamilie lauschten die Jungen den Geschichten der Alten. So wurden Geschichten und Geschichte von Generation zu Generation weiter getragen. In unserer heutigen individuellen Zeit ist dies zur Seltenheit geworden. Gerade in unserem Dorf ist durch den Zuzug vieler Ausw\u00e4rtiger das Zusammengeh\u00f6rigkeitsgef\u00fchl nicht mehr so stark ausgepr\u00e4gt, wie dies Jahrzehnte vorher der Fall war. Die Zahl der Familien die \u00fcber Generationen in Nonnweiler lebten und sich als echte Ur- Nonnwella B\u00fcrger f\u00fchlen, wird immer geringer. Fr\u00fcher kannte jeder jeden im Dorf, heute kennt man seine n\u00e4chsten Nachbarn kaum noch. Zuviel (Lokal-) Patriotismus der fr\u00fcher zwischen den einzelnen D\u00f6rfern herrschte ist nicht gut, jedoch die heutige Gleichg\u00fcltigkeit einiger Zeitgenossen ist genauso abtr\u00e4glich.<\/span><\/p>\n<p><span style=\"font-family: tahoma, arial, helvetica, sans-serif; font-size: 12pt;\">Dabei kann das Auffrischen von Erinnerungen, kann Geschichte so sch\u00f6n und spannend sein. Wie schrieb der US-amerikanische Schriftsteller und Literatur Nobelpreistr\u00e4ger William Faulkner (1897 bis 1962): &#8222;Das Vergangene ist nicht tot; es ist nicht einmal vergangen&#8220;. Vom ersten Bundespr\u00e4sidenten Theodor Heuss (1884 bis 1963) stammt das Zitat: &#8222;Nur wer wei\u00df, woher er kommt, wei\u00df, wohin er geht&#8220;. Zum Thema Tradition schrieb Gustav Mahler (\u00d6sterreichischer Komponist, 1860 bis 1911): &#8222;Tradition ist nicht die Anbetung der Asche, sondern die Weitergabe des Feuers&#8220;. <\/span><\/p>\n<p><span style=\"font-family: tahoma, arial, helvetica, sans-serif; font-size: 12pt;\">Oder aber wie es im Volksmund hei\u00dft: &#8222;Erinnerungen sind die Zinsen des Lebens!&#8220;. Darum lassen Sie ihre Erinnerungen in sich aufleben.<\/span><\/p>\n<p><span style=\"font-size: 16px;\"><span style=\"font-family: tahoma, arial, helvetica, sans-serif;\">Sollte jedoch jemand der Meinung sein, die hier geschilderten Ereignisse entspr\u00e4chen nicht den Tatsachen und seien unwahr, oder enthalten irgendwelche Angaben \u00fcber Personen mit denen diese nicht einverstanden sind, bitte ich Sie um umgehende Mitteilung der \u00c4nderungsw\u00fcnsche.<\/span><\/span><\/p>\n<p><span style=\"font-size: 16px;\"><span style=\"font-family: tahoma, arial, helvetica, sans-serif;\">Ich habe nach bestem mir bekanntem Wissen, die Inhalte dieser Internetseite zusammengetragen. <\/span><\/span><span style=\"font-family: tahoma, arial, helvetica, sans-serif; font-size: 12pt;\">Die \u00e4ltesten Bilder unseres Dorfes sind weit \u00fcber hundert Jahre alt. Viele H\u00e4user sind verschwunden oder wurden im Krieg zerst\u00f6rt. Die Aufnahmen wurden von einfachen Menschen mit teilweise primitiven Fotoapparaten gemacht, sind vergilbt oder unscharf. Bedenkt man jedoch das bis zum Ende des zweiten Weltkrieges ein Fotoapparat ein Luxusgut war, so hat jedes dieser Fotos unsere volle Aufmerksamkeit verdient.<\/span><\/p>\n<p><span style=\"font-family: tahoma, arial, helvetica, sans-serif; font-size: 12pt;\">Mit dem Ableben unserer \u00e4lteren Mitb\u00fcrger gehen viele dieser Bilder, Erinnerungen und Erz\u00e4hlungen sowie andere Zeitdokumente oft f\u00fcr immer verloren. Mitb\u00fcrger wie Franz Johann, Antonius Jost, Hans Josef Barth, August Meter und Helmut Ludwig die sich der Heimatgeschichte unseres Dorfes verschrieben hatten, weilen nicht mehr unter uns.<\/span><\/p>\n<p><span style=\"font-family: tahoma, arial, helvetica, sans-serif; font-size: 12pt;\">Um dieser Entwicklung entgegen zu wirken, habe ich unter Mithilfe von Andreas G\u00e4rtner damit begonnen, alte Fotos, Ansichtskarten, Zeitungsartikel, etc. zu archivieren und zu digitalisieren um diese Seiten zu erstellen. Daher suche ich noch alte Fotos von weltlichen und kirchlichen Festen, wie Kirmes, Fastnacht, Seifenkistenrennen, Fronleichnam, Primiz, Einf\u00fchrung von Past\u00f6ren, Menschen, Klassenfotos, Einweihung von Schule und Kindergarten. Ebenso alte Orts- und Stra\u00dfenansichten, Gesch\u00e4fte, Wirts- und Kurh\u00e4user, Freibad am Weiher, Kapelle gegen\u00fcber Parkschenke, NS-Zeit, Zerst\u00f6rung und Wiederaufbau im Kriege, gr\u00f6\u00dfere Bauma\u00dfnahmen usw.. Einfach alles \u00fcber unser Nonnwella. Auch R\u00fcckmeldungen, oder Eintr\u00e4ge in unser G\u00e4stebuch erfreuen uns. Da eine solche &gt;Internetseite&lt; eine ewige Baustelle darstellt, werden wir die Seiten nat\u00fcrlich im Laufe der Zeit immer wieder erg\u00e4nzen und aktualisieren. Themen wie der Bau der Autobahn sowie der Talsperre, Schule und Kindergarten, Gewerbe und Vereine, aber auch Klassenfotos einzelner Jahrg\u00e4nge werden noch in n\u00e4chster Zeit ihren Platz auf dieser Homepage finden. Daher bitte ich Sie, sollten sich noch interessante Zeitdokumente in ihrem Besitz befinden, unterst\u00fctzen Sie mich beim Aufbau dieser Seiten.\u00a0<\/span><\/p>\n<p><span style=\"font-family: tahoma, arial, helvetica, sans-serif; font-size: 12pt;\">Ihr Andreas Lauer<\/span><\/p>\n<p>&nbsp;<\/p>\n<p style=\"text-align: center;\"><span style=\"font-size: 48px;\"><strong><span style=\"font-family: tahoma, arial, helvetica, sans-serif;\">\u00a0\u00a0<\/span><\/strong><\/span><\/p>\n<p>&nbsp;<\/p>\n<p style=\"text-align: center;\"><a href=\"https:\/\/nonnwella.de\/phtf\/dank\" class=\"su-button su-button-style-default\" style=\"color:#FFFFFF;background-color:#ffc13b;border-color:#cc9b30;border-radius:8px\" target=\"_self\"><span style=\"color:#FFFFFF;padding:0px 22px;font-size:17px;line-height:34px;border-color:#ffd476;border-radius:8px;text-shadow:none\"> Unterst\u00fctzer unseres Internetauftritts<\/span><\/a>\n","protected":false},"excerpt":{"rendered":"<p>&nbsp; Nonnweiler Ein Hunsr\u00fcck-\/Hochwalddorf im Wandel der Zeit. Postkarten, Erz\u00e4hlungen, alte Fotos und mehr!\u00a0 Gesammelt, erstellt und kommentiert von: Andreas Lauer Nur wer die Vergangenheit kennt, der kann Gegenwart und Zukunft verstehen! Das ist das Motto unter welchem ich meine Sammlung an alten Fotos, Ansichtskarten, Lithographien, Prospekten, Festschriften aber auch Anekdoten und Erz\u00e4hlungen \u00fcber unseren [&hellip;]<\/p>\n","protected":false},"author":1,"featured_media":0,"parent":0,"menu_order":0,"comment_status":"closed","ping_status":"closed","template":"","meta":{"footnotes":""},"class_list":["post-382","page","type-page","status-publish","hentry"],"_links":{"self":[{"href":"https:\/\/nonnwella.de\/phtf\/wp-json\/wp\/v2\/pages\/382","targetHints":{"allow":["GET"]}}],"collection":[{"href":"https:\/\/nonnwella.de\/phtf\/wp-json\/wp\/v2\/pages"}],"about":[{"href":"https:\/\/nonnwella.de\/phtf\/wp-json\/wp\/v2\/types\/page"}],"author":[{"embeddable":true,"href":"https:\/\/nonnwella.de\/phtf\/wp-json\/wp\/v2\/users\/1"}],"replies":[{"embeddable":true,"href":"https:\/\/nonnwella.de\/phtf\/wp-json\/wp\/v2\/comments?post=382"}],"version-history":[{"count":203,"href":"https:\/\/nonnwella.de\/phtf\/wp-json\/wp\/v2\/pages\/382\/revisions"}],"predecessor-version":[{"id":4128,"href":"https:\/\/nonnwella.de\/phtf\/wp-json\/wp\/v2\/pages\/382\/revisions\/4128"}],"wp:attachment":[{"href":"https:\/\/nonnwella.de\/phtf\/wp-json\/wp\/v2\/media?parent=382"}],"curies":[{"name":"wp","href":"https:\/\/api.w.org\/{rel}","templated":true}]}}