{"id":296,"date":"2021-07-02T13:07:58","date_gmt":"2021-07-02T13:07:58","guid":{"rendered":"https:\/\/nonnwella.de\/phtf\/?page_id=296"},"modified":"2023-10-04T10:22:23","modified_gmt":"2023-10-04T10:22:23","slug":"wappen","status":"publish","type":"page","link":"https:\/\/nonnwella.de\/phtf\/wappen","title":{"rendered":"Wappen"},"content":{"rendered":"<h4 style=\"text-align: center;\"><span style=\"font-size: 18pt;\"><img decoding=\"async\" class=\"size-medium wp-image-311 aligncenter\" src=\"https:\/\/nonnwella.de\/phtf\/wp-content\/uploads\/2021\/07\/458-522-max-263x300.png\" alt=\"\" width=\"263\" height=\"300\" srcset=\"https:\/\/nonnwella.de\/phtf\/wp-content\/uploads\/2021\/07\/458-522-max-263x300.png 263w, https:\/\/nonnwella.de\/phtf\/wp-content\/uploads\/2021\/07\/458-522-max.png 458w\" sizes=\"(max-width: 263px) 100vw, 263px\" \/><\/span><\/h4>\n<h3 style=\"text-align: center;\"><span style=\"font-family: tahoma, arial, helvetica, sans-serif;\">Ortswappen von Nonnweiler<\/span><\/h3>\n<h5 style=\"text-align: center;\"><span style=\"font-family: tahoma, arial, helvetica, sans-serif;\">Verliehen durch die Regierung des Saarlandes, den Minister des Inneren, am 15. November 1953<\/span><\/h5>\n<p><img decoding=\"async\" class=\"aligncenter wp-image-987 size-full\" src=\"https:\/\/nonnwella.de\/phtf\/wp-content\/uploads\/2021\/08\/Urkunde.jpg\" alt=\"\" width=\"309\" height=\"459\" srcset=\"https:\/\/nonnwella.de\/phtf\/wp-content\/uploads\/2021\/08\/Urkunde.jpg 309w, https:\/\/nonnwella.de\/phtf\/wp-content\/uploads\/2021\/08\/Urkunde-202x300.jpg 202w\" sizes=\"(max-width: 309px) 100vw, 309px\" \/><\/p>\n<h6><span style=\"font-family: tahoma, arial, helvetica, sans-serif;\">Beschreibung des Wappens:<\/span><\/h6>\n<p><span style=\"font-family: tahoma, arial, helvetica, sans-serif; font-size: 20px;\">In Silber ein roter Hirschkopf mit vierzehnendigem Geweih, zwischen den beiden Geweihstangen ein rotes Kreuz, dessen Balkenenden durch einen roten Ring verbunden sind.<\/span><\/p>\n<h6><span style=\"font-family: tahoma, arial, helvetica, sans-serif;\">Begr\u00fcndung des Wappens:<\/span><\/h6>\n<p><span style=\"font-family: tahoma, arial, helvetica, sans-serif; font-size: 20px;\">Der Hirschkopf mit dem Kreuz zwischen den Geweihstangen weist auf den heiligen Hubertus hin, als dessen Attribut ein Hirsch mit einem Kreuz zwischen dem Geweih allgemeine G\u00fcltigkeit hat.<\/span><br \/>\n<span style=\"font-family: tahoma, arial, helvetica, sans-serif; font-size: 20px;\">Der heilige Hubertus ist seit dem Mittelalter Patron der Pfarrkirche in Nonnweiler.<\/span><br \/>\n<span style=\"font-size: 20px;\"><span style=\"font-family: tahoma, arial, helvetica, sans-serif;\">Im Ort besteht (Offiziell noch bis heute) eine Hubertusbruderschaft, die einzige im Bistum Trier. Sie ist seit 1759 nachzuweisen, soll der \u00dcberlieferung aber bereits 1550 gegr\u00fcndet worden sein. Im Jahre 1949 feierte die Hubertusbruderschaft ihr 400 j\u00e4hriges Bestehen. Als Beweisst\u00fccke der uralten Hubertusverehrung sind der Hubertusschl\u00fcssel (angeblich aus dem 13.Jahrhundert), das Hubertushorn (signiert 1182) und eine Barockstatue des heiligen Hubertus (um 1750) anzusehen, <\/span><span style=\"font-family: tahoma, arial, helvetica, sans-serif;\">die in einer Vitrine in der Kirche von Nonnweiler aufbewahrt werden. Der Kreis um die Balkenenden des Kreuzes im Wappen gibt diesem Kreuz in etwa die Kopfform des Nonnweiler Hubertusschl\u00fcssels.<\/span><\/span><\/p>\n<p>&nbsp;<\/p>\n<p><span style=\"font-family: tahoma, arial, helvetica, sans-serif; font-size: 20px;\">Aus: 140 Jahre Amt Nonnweiler, Band I. 1958<\/span><\/p>\n<a href=\"https:\/\/nonnwella.de\/phtf\/entstehung\" class=\"su-button su-button-style-default\" style=\"color:#FFFFFF;background-color:#ffc13b;border-color:#cc9b30;border-radius:8px\" target=\"_self\"><span style=\"color:#FFFFFF;padding:0px 22px;font-size:17px;line-height:34px;border-color:#ffd476;border-radius:8px;text-shadow:none\"> Weiter<\/span><\/a>\n<p>&nbsp;<\/p>\n<p>&nbsp;<\/p>\n<table style=\"width: 90.66965320151387%;\">\n<tbody>\n<tr>\n<td style=\"width: 26.799007444168733%;\">&nbsp;<\/p>\n<ul id=\"menu-mega-main\" class=\"menu\"><li id=\"menu-item-1679\" class=\"menu-item menu-item-type-custom menu-item-object-custom menu-item-has-children menu-item-1679\"><a href=\"https:\/\/nonnwella.de\/phtf\/wappen\">\u00dcber Nonnweiler<\/a>\n<ul class=\"sub-menu\">\n\t<li id=\"menu-item-996\" class=\"menu-item menu-item-type-post_type menu-item-object-page menu-item-996\"><a href=\"https:\/\/nonnwella.de\/phtf\/wappen\">Das Wappen<\/a><\/li>\n\t<li id=\"menu-item-1008\" class=\"menu-item menu-item-type-post_type menu-item-object-page menu-item-1008\"><a href=\"https:\/\/nonnwella.de\/phtf\/entstehung\">Entstehungsgeschichte<\/a><\/li>\n\t<li id=\"menu-item-1250\" class=\"menu-item menu-item-type-post_type menu-item-object-page menu-item-1250\"><a href=\"https:\/\/nonnwella.de\/phtf\/gemeindegeschichte\">Geschichte des Ortes<\/a><\/li>\n\t<li id=\"menu-item-1267\" class=\"menu-item menu-item-type-post_type menu-item-object-page menu-item-1267\"><a href=\"https:\/\/nonnwella.de\/phtf\/mittelalterliche-besitzverhaeltnisse\">Mittelalterliche Besitzverh\u00e4ltnisse<\/a><\/li>\n\t<li id=\"menu-item-1266\" class=\"menu-item menu-item-type-post_type menu-item-object-page menu-item-has-children menu-item-1266\"><a href=\"https:\/\/nonnwella.de\/phtf\/stockbauern-und-stockgueter\">Stockbauern &#038; Stockg\u00fcter<\/a>\n\t<ul class=\"sub-menu\">\n\t\t<li id=\"menu-item-2068\" class=\"menu-item menu-item-type-post_type menu-item-object-page menu-item-2068\"><a href=\"https:\/\/nonnwella.de\/phtf\/landwirtschaft-ackerbau\">Landwirtschaft &#038; Ackerbau<\/a><\/li>\n\t\t<li id=\"menu-item-2069\" class=\"menu-item menu-item-type-post_type menu-item-object-page menu-item-2069\"><a href=\"https:\/\/nonnwella.de\/phtf\/bauernstand\">Bauernstand<\/a><\/li>\n\t\t<li id=\"menu-item-2165\" class=\"menu-item menu-item-type-post_type menu-item-object-page menu-item-2165\"><a href=\"https:\/\/nonnwella.de\/phtf\/muehlen-in-nonnweiler\">M\u00fchlengeschichte<\/a><\/li>\n\t<\/ul>\n<\/li>\n\t<li id=\"menu-item-1540\" class=\"menu-item menu-item-type-post_type menu-item-object-page menu-item-has-children menu-item-1540\"><a href=\"https:\/\/nonnwella.de\/phtf\/hauszeichen\">Hauszeichen<\/a>\n\t<ul class=\"sub-menu\">\n\t\t<li id=\"menu-item-1265\" class=\"menu-item menu-item-type-post_type menu-item-object-page menu-item-1265\"><a href=\"https:\/\/nonnwella.de\/phtf\/alt-nonnweiler\">Wer wohnte wo?<\/a><\/li>\n\t<\/ul>\n<\/li>\n\t<li id=\"menu-item-1027\" class=\"menu-item menu-item-type-post_type menu-item-object-page menu-item-has-children menu-item-1027\"><a href=\"https:\/\/nonnwella.de\/phtf\/kriegsgeschichte\">NS Zeit 1933-1945<\/a>\n\t<ul class=\"sub-menu\">\n\t\t<li id=\"menu-item-2469\" class=\"menu-item menu-item-type-post_type menu-item-object-page menu-item-2469\"><a href=\"https:\/\/nonnwella.de\/phtf\/gefallene-vermisste-in-weltkriegen\">Gefallene &#038; Vermisste beider Weltkriege<\/a><\/li>\n\t\t<li id=\"menu-item-1413\" class=\"menu-item menu-item-type-post_type menu-item-object-page menu-item-1413\"><a href=\"https:\/\/nonnwella.de\/phtf\/otto-berg-erinnerungen-1929-1945\">Otto Berg \u2013 Erinnerungen 1929-1945<\/a><\/li>\n\t<\/ul>\n<\/li>\n\t<li id=\"menu-item-4069\" class=\"menu-item menu-item-type-post_type menu-item-object-page menu-item-has-children menu-item-4069\"><a href=\"https:\/\/nonnwella.de\/phtf\/die-franzosen\">Einmarsch der Amerikaner &#038; Die Franzosen als Besatzungsmacht<\/a>\n\t<ul class=\"sub-menu\">\n\t\t<li id=\"menu-item-4079\" class=\"menu-item menu-item-type-post_type menu-item-object-page menu-item-4079\"><a href=\"https:\/\/nonnwella.de\/phtf\/wiedervereinigung\">Wiedervereinigung mit Deutschland<\/a><\/li>\n\t<\/ul>\n<\/li>\n\t<li id=\"menu-item-2043\" class=\"menu-item menu-item-type-post_type menu-item-object-page menu-item-has-children menu-item-2043\"><a href=\"https:\/\/nonnwella.de\/phtf\/schule\">Kindergarten &#038; Schule<\/a>\n\t<ul class=\"sub-menu\">\n\t\t<li id=\"menu-item-2494\" class=\"menu-item menu-item-type-post_type menu-item-object-page menu-item-2494\"><a href=\"https:\/\/nonnwella.de\/phtf\/fotos-kindergarten\">Spass im Kindergarten<\/a><\/li>\n\t\t<li id=\"menu-item-2042\" class=\"menu-item menu-item-type-post_type menu-item-object-page menu-item-2042\"><a href=\"https:\/\/nonnwella.de\/phtf\/klassenfotos\">Klassenfotos<\/a><\/li>\n\t<\/ul>\n<\/li>\n\t<li id=\"menu-item-2650\" class=\"menu-item menu-item-type-post_type menu-item-object-page menu-item-2650\"><a href=\"https:\/\/nonnwella.de\/phtf\/lichterkette\">Lichterkette f\u00fcr den Frieden<\/a><\/li>\n\t<li id=\"menu-item-1015\" class=\"menu-item menu-item-type-post_type menu-item-object-page menu-item-1015\"><a href=\"https:\/\/nonnwella.de\/phtf\/geographie\">Geographie &#038; Geologie<\/a><\/li>\n<\/ul>\n<\/li>\n<li id=\"menu-item-1680\" class=\"menu-item menu-item-type-custom menu-item-object-custom menu-item-has-children menu-item-1680\"><a href=\"https:\/\/nonnwella.de\/phtf\/article\">Ortsansichten<\/a>\n<ul class=\"sub-menu\">\n\t<li id=\"menu-item-631\" class=\"menu-item menu-item-type-post_type menu-item-object-page menu-item-631\"><a href=\"https:\/\/nonnwella.de\/phtf\/article\">Alt Nonnwella auf Postkarten<\/a><\/li>\n\t<li id=\"menu-item-744\" class=\"menu-item menu-item-type-post_type menu-item-object-page menu-item-744\"><a href=\"https:\/\/nonnwella.de\/phtf\/50er\">50er<\/a><\/li>\n\t<li id=\"menu-item-743\" class=\"menu-item menu-item-type-post_type menu-item-object-page menu-item-743\"><a href=\"https:\/\/nonnwella.de\/phtf\/60er\">60er<\/a><\/li>\n\t<li id=\"menu-item-742\" class=\"menu-item menu-item-type-post_type menu-item-object-page menu-item-742\"><a href=\"https:\/\/nonnwella.de\/phtf\/70er\">70er bis heute<\/a><\/li>\n\t<li id=\"menu-item-1095\" class=\"menu-item menu-item-type-post_type menu-item-object-page menu-item-1095\"><a href=\"https:\/\/nonnwella.de\/phtf\/vom-urlaubs-zum-kurort\">Erste Schritte zum Fremdenverkehrsort<\/a><\/li>\n\t<li id=\"menu-item-1815\" class=\"menu-item menu-item-type-post_type menu-item-object-page menu-item-1815\"><a href=\"https:\/\/nonnwella.de\/phtf\/kurhaeuser\">Kurh\u00e4user<\/a><\/li>\n<\/ul>\n<\/li>\n<li id=\"menu-item-1681\" class=\"menu-item menu-item-type-custom menu-item-object-custom menu-item-has-children menu-item-1681\"><a href=\"https:\/\/nonnwella.de\/phtf\/geschichte\">Kirchliches<\/a>\n<ul class=\"sub-menu\">\n\t<li id=\"menu-item-585\" class=\"menu-item menu-item-type-post_type menu-item-object-page menu-item-585\"><a href=\"https:\/\/nonnwella.de\/phtf\/geschichte\">Geschichte<\/a><\/li>\n\t<li id=\"menu-item-629\" class=\"menu-item menu-item-type-post_type menu-item-object-page menu-item-629\"><a href=\"https:\/\/nonnwella.de\/phtf\/innenansicht\">Innenansicht<\/a><\/li>\n\t<li id=\"menu-item-584\" class=\"menu-item menu-item-type-post_type menu-item-object-page menu-item-584\"><a href=\"https:\/\/nonnwella.de\/phtf\/brand-und-wiederaufbau\">Brand &#038; Wiederaufbau<\/a><\/li>\n\t<li id=\"menu-item-583\" class=\"menu-item menu-item-type-post_type menu-item-object-page menu-item-583\"><a href=\"https:\/\/nonnwella.de\/phtf\/fronleichnamsfest\">Fronleichnamsfest<\/a><\/li>\n\t<li id=\"menu-item-581\" class=\"menu-item menu-item-type-post_type menu-item-object-page menu-item-581\"><a href=\"https:\/\/nonnwella.de\/phtf\/primizen\">Primizen<\/a><\/li>\n\t<li id=\"menu-item-801\" class=\"menu-item menu-item-type-post_type menu-item-object-page menu-item-801\"><a href=\"https:\/\/nonnwella.de\/phtf\/100-jahrfeier\">Feierlichkeiten<\/a><\/li>\n\t<li id=\"menu-item-1033\" class=\"menu-item menu-item-type-post_type menu-item-object-page menu-item-1033\"><a href=\"https:\/\/nonnwella.de\/phtf\/pastoere-in-nonnweiler\">Past\u00f6re in Nonnweiler<\/a><\/li>\n\t<li id=\"menu-item-582\" class=\"menu-item menu-item-type-post_type menu-item-object-page menu-item-582\"><a href=\"https:\/\/nonnwella.de\/phtf\/in-schweren-jahren\">In schweren Jahren<\/a><\/li>\n\t<li id=\"menu-item-3269\" class=\"menu-item menu-item-type-post_type menu-item-object-page menu-item-3269\"><a href=\"https:\/\/nonnwella.de\/phtf\/messdiener\">Me\u00dfdiener<\/a><\/li>\n\t<li id=\"menu-item-2649\" class=\"menu-item menu-item-type-post_type menu-item-object-page menu-item-2649\"><a href=\"https:\/\/nonnwella.de\/phtf\/klepperkinder\">Klepperkinder<\/a><\/li>\n<\/ul>\n<\/li>\n<li id=\"menu-item-1682\" class=\"menu-item menu-item-type-custom menu-item-object-custom menu-item-has-children menu-item-1682\"><a href=\"https:\/\/nonnwella.de\/phtf\/ortsverein\">Vereine &#038; Gewerbe<\/a>\n<ul class=\"sub-menu\">\n\t<li id=\"menu-item-2217\" class=\"menu-item menu-item-type-post_type menu-item-object-page menu-item-has-children menu-item-2217\"><a href=\"https:\/\/nonnwella.de\/phtf\/ortsverein\">Ortsvereine<\/a>\n\t<ul class=\"sub-menu\">\n\t\t<li id=\"menu-item-2996\" class=\"menu-item menu-item-type-post_type menu-item-object-page menu-item-2996\"><a href=\"https:\/\/nonnwella.de\/phtf\/ortsverein\">kath. Frauengemeinschaft<\/a><\/li>\n\t\t<li id=\"menu-item-2994\" class=\"menu-item menu-item-type-post_type menu-item-object-page menu-item-2994\"><a href=\"https:\/\/nonnwella.de\/phtf\/kolping-kapelle\">Kolping-Kapelle<\/a><\/li>\n\t\t<li id=\"menu-item-2861\" class=\"menu-item menu-item-type-post_type menu-item-object-page menu-item-2861\"><a href=\"https:\/\/nonnwella.de\/phtf\/hochwaelder-tennisclub-htc\">Hochw\u00e4lder Tennisclub HTC<\/a><\/li>\n\t<\/ul>\n<\/li>\n\t<li id=\"menu-item-2571\" class=\"menu-item menu-item-type-post_type menu-item-object-page menu-item-2571\"><a href=\"https:\/\/nonnwella.de\/phtf\/jaegerheim-beim-hedi\">J\u00e4gerheim (beim Hedi)<\/a><\/li>\n\t<li id=\"menu-item-2651\" class=\"menu-item menu-item-type-post_type menu-item-object-page menu-item-2651\"><a href=\"https:\/\/nonnwella.de\/phtf\/central-filmtheater\">Central-Filmtheater<\/a><\/li>\n<\/ul>\n<\/li>\n<li id=\"menu-item-1683\" class=\"menu-item menu-item-type-custom menu-item-object-custom menu-item-has-children menu-item-1683\"><a href=\"https:\/\/nonnwella.de\/phtf\/schinderhannes\">Erz\u00e4hlungen<\/a>\n<ul class=\"sub-menu\">\n\t<li id=\"menu-item-1040\" class=\"menu-item menu-item-type-post_type menu-item-object-page menu-item-1040\"><a href=\"https:\/\/nonnwella.de\/phtf\/schinderhannes\">Schinderhannes<\/a><\/li>\n\t<li id=\"menu-item-1042\" class=\"menu-item menu-item-type-post_type menu-item-object-page menu-item-1042\"><a href=\"https:\/\/nonnwella.de\/phtf\/die-stockbauern-und-die-einspaennigen\">Die Stockbauern und die Einsp\u00e4nnigen<\/a><\/li>\n\t<li id=\"menu-item-1041\" class=\"menu-item menu-item-type-post_type menu-item-object-page menu-item-1041\"><a href=\"https:\/\/nonnwella.de\/phtf\/fritze-michel\">Fritze Michel<\/a><\/li>\n\t<li id=\"menu-item-1365\" class=\"menu-item menu-item-type-post_type menu-item-object-page menu-item-1365\"><a href=\"https:\/\/nonnwella.de\/phtf\/vetter-fritz\">Vetter Fritz<\/a><\/li>\n\t<li id=\"menu-item-1414\" class=\"menu-item menu-item-type-post_type menu-item-object-page menu-item-1414\"><a href=\"https:\/\/nonnwella.de\/phtf\/fam-honecker\">Saarl\u00e4ndische Begegnung<\/a><\/li>\n<\/ul>\n<\/li>\n<li id=\"menu-item-1684\" class=\"menu-item menu-item-type-custom menu-item-object-custom menu-item-has-children menu-item-1684\"><a href=\"https:\/\/nonnwella.de\/phtf\/medien\">Ausser der Reihe<\/a>\n<ul class=\"sub-menu\">\n\t<li id=\"menu-item-1025\" class=\"menu-item menu-item-type-post_type menu-item-object-page menu-item-1025\"><a href=\"https:\/\/nonnwella.de\/phtf\/medien\">Medien<\/a><\/li>\n\t<li id=\"menu-item-4153\" class=\"menu-item menu-item-type-post_type menu-item-object-page menu-item-4153\"><a href=\"https:\/\/nonnwella.de\/phtf\/drohnenaufnahmen\">Drohnenaufnahmen<\/a><\/li>\n\t<li id=\"menu-item-1523\" class=\"menu-item menu-item-type-post_type menu-item-object-page menu-item-1523\"><a href=\"https:\/\/nonnwella.de\/phtf\/seifenkistenrennen\">Seifenkistenrennen<\/a><\/li>\n\t<li id=\"menu-item-3574\" class=\"menu-item menu-item-type-post_type menu-item-object-page menu-item-3574\"><a href=\"https:\/\/nonnwella.de\/phtf\/archiv-bilder-des-monats\">Archiv \u2013 Bilder des Monats<\/a><\/li>\n\t<li id=\"menu-item-1920\" class=\"menu-item menu-item-type-post_type menu-item-object-page menu-item-1920\"><a href=\"https:\/\/nonnwella.de\/phtf\/wegweiser-mit-geschichte\">Wegweiser mit Geschichte<\/a><\/li>\n\t<li id=\"menu-item-3623\" class=\"menu-item menu-item-type-post_type menu-item-object-page menu-item-3623\"><a href=\"https:\/\/nonnwella.de\/phtf\/wer-weiss-es\">Wer wei\u00df es?<\/a><\/li>\n<\/ul>\n<\/li>\n<\/ul><\/td>\n<td style=\"vertical-align: top; width: 72.20843672456576%;\">&nbsp;<\/p>\n<p>&nbsp;<\/p>\n<p><img decoding=\"async\" class=\"wp-image-2874 size-full aligncenter\" src=\"https:\/\/nonnwella.de\/phtf\/wp-content\/uploads\/2022\/07\/CCI_001489-2.jpg\" alt=\"\" width=\"580\" height=\"405\" srcset=\"https:\/\/nonnwella.de\/phtf\/wp-content\/uploads\/2022\/07\/CCI_001489-2.jpg 580w, https:\/\/nonnwella.de\/phtf\/wp-content\/uploads\/2022\/07\/CCI_001489-2-300x209.jpg 300w\" sizes=\"(max-width: 580px) 100vw, 580px\" \/><\/p>\n<p>&nbsp;<\/p>\n<p>&nbsp;<\/p>\n<p>&nbsp;<\/p>\n<p><img decoding=\"async\" class=\"size-full wp-image-2877 aligncenter\" src=\"https:\/\/nonnwella.de\/phtf\/wp-content\/uploads\/2022\/07\/csm_Heimat_ist_Hunsrueck_Logo_c1c9a14c31.jpg\" alt=\"\" width=\"300\" height=\"286\" \/><\/td>\n<\/tr>\n<\/tbody>\n<\/table>\n","protected":false},"excerpt":{"rendered":"<p>Ortswappen von Nonnweiler Verliehen durch die Regierung des Saarlandes, den Minister des Inneren, am 15. November 1953 Beschreibung des Wappens: In Silber ein roter Hirschkopf mit vierzehnendigem Geweih, zwischen den beiden Geweihstangen ein rotes Kreuz, dessen Balkenenden durch einen roten Ring verbunden sind. Begr\u00fcndung des Wappens: Der Hirschkopf mit dem Kreuz zwischen den Geweihstangen weist [&hellip;]<\/p>\n","protected":false},"author":1,"featured_media":0,"parent":0,"menu_order":0,"comment_status":"closed","ping_status":"closed","template":"","meta":{"footnotes":""},"class_list":["post-296","page","type-page","status-publish","hentry"],"_links":{"self":[{"href":"https:\/\/nonnwella.de\/phtf\/wp-json\/wp\/v2\/pages\/296","targetHints":{"allow":["GET"]}}],"collection":[{"href":"https:\/\/nonnwella.de\/phtf\/wp-json\/wp\/v2\/pages"}],"about":[{"href":"https:\/\/nonnwella.de\/phtf\/wp-json\/wp\/v2\/types\/page"}],"author":[{"embeddable":true,"href":"https:\/\/nonnwella.de\/phtf\/wp-json\/wp\/v2\/users\/1"}],"replies":[{"embeddable":true,"href":"https:\/\/nonnwella.de\/phtf\/wp-json\/wp\/v2\/comments?post=296"}],"version-history":[{"count":46,"href":"https:\/\/nonnwella.de\/phtf\/wp-json\/wp\/v2\/pages\/296\/revisions"}],"predecessor-version":[{"id":3578,"href":"https:\/\/nonnwella.de\/phtf\/wp-json\/wp\/v2\/pages\/296\/revisions\/3578"}],"wp:attachment":[{"href":"https:\/\/nonnwella.de\/phtf\/wp-json\/wp\/v2\/media?parent=296"}],"curies":[{"name":"wp","href":"https:\/\/api.w.org\/{rel}","templated":true}]}}